{"id":192,"date":"2022-09-19T15:06:49","date_gmt":"2022-09-19T15:06:49","guid":{"rendered":"https:\/\/rodksieciajozefa.pl\/?page_id=192"},"modified":"2022-10-02T21:23:11","modified_gmt":"2022-10-02T21:23:11","slug":"galerie","status":"publish","type":"page","link":"https:\/\/rodksieciajozefa.pl\/index.php\/galerie\/","title":{"rendered":"Zdj\u0119cia ogrodu"},"content":{"rendered":"\n<p>Zdj\u0119cia Naszego pi\u0119knego ogrodu, za kt\u00f3re dzi\u0119kujemy Monice ( <a href=\"http:\/\/www.mpphotography.pl\/\" target=\"_blank\" rel=\"noreferrer noopener\">www.mpphotography.pl<\/a> ) i Elwirze.<\/p>\n\n\n\n<div class=\"wp-block-columns is-layout-flex wp-container-core-columns-is-layout-9d6595d7 wp-block-columns-is-layout-flex\">\n<div class=\"wp-block-column is-layout-flow wp-block-column-is-layout-flow\" style=\"flex-basis:100%\">\n<div class=\"wp-block-group\"><div class=\"wp-block-group__inner-container is-layout-flow wp-block-group-is-layout-flow\">\nngg_shortcode_0_placeholder\n<\/div><\/div>\n<\/div>\n<\/div>\n","protected":false},"excerpt":{"rendered":"<p>Zdj\u0119cia Naszego pi\u0119knego ogrodu, za kt\u00f3re dzi\u0119kujemy Monice ( www.mpphotography.pl ) i Elwirze.<\/p>\n","protected":false},"author":1,"featured_media":309,"parent":0,"menu_order":0,"comment_status":"closed","ping_status":"closed","template":"","meta":{"om_disable_all_campaigns":false,"ngg_post_thumbnail":0,"footnotes":""},"class_list":["post-192","page","type-page","status-publish","has-post-thumbnail","hentry"],"aioseo_notices":[],"_links":{"self":[{"href":"https:\/\/rodksieciajozefa.pl\/index.php\/wp-json\/wp\/v2\/pages\/192","targetHints":{"allow":["GET"]}}],"collection":[{"href":"https:\/\/rodksieciajozefa.pl\/index.php\/wp-json\/wp\/v2\/pages"}],"about":[{"href":"https:\/\/rodksieciajozefa.pl\/index.php\/wp-json\/wp\/v2\/types\/page"}],"author":[{"embeddable":true,"href":"https:\/\/rodksieciajozefa.pl\/index.php\/wp-json\/wp\/v2\/users\/1"}],"replies":[{"embeddable":true,"href":"https:\/\/rodksieciajozefa.pl\/index.php\/wp-json\/wp\/v2\/comments?post=192"}],"version-history":[{"count":15,"href":"https:\/\/rodksieciajozefa.pl\/index.php\/wp-json\/wp\/v2\/pages\/192\/revisions"}],"predecessor-version":[{"id":384,"href":"https:\/\/rodksieciajozefa.pl\/index.php\/wp-json\/wp\/v2\/pages\/192\/revisions\/384"}],"wp:featuredmedia":[{"embeddable":true,"href":"https:\/\/rodksieciajozefa.pl\/index.php\/wp-json\/wp\/v2\/media\/309"}],"wp:attachment":[{"href":"https:\/\/rodksieciajozefa.pl\/index.php\/wp-json\/wp\/v2\/media?parent=192"}],"curies":[{"name":"wp","href":"https:\/\/api.w.org\/{rel}","templated":true}]}}