{"id":237,"date":"2022-09-19T19:03:49","date_gmt":"2022-09-19T19:03:49","guid":{"rendered":"https:\/\/rodksieciajozefa.pl\/?page_id=237"},"modified":"2025-09-22T21:07:27","modified_gmt":"2025-09-22T21:07:27","slug":"galerie-2","status":"publish","type":"page","link":"https:\/\/rodksieciajozefa.pl\/index.php\/galerie-2\/","title":{"rendered":"GALERIE"},"content":{"rendered":"\n<h2 class=\"wp-block-heading\">Ponadczasowe<\/h2>\n\n\n\n<figure class=\"wp-block-embed is-type-wp-embed is-provider-rod-im-ksi-cia-j-zefa-w-krakowie wp-block-embed-rod-im-ksi-cia-j-zefa-w-krakowie\"><div class=\"wp-block-embed__wrapper\">\n<blockquote class=\"wp-embedded-content\" data-secret=\"LaeyjmHFxR\"><a href=\"https:\/\/rodksieciajozefa.pl\/index.php\/galerie\/\">Zdj\u0119cia ogrodu<\/a><\/blockquote><iframe loading=\"lazy\" class=\"wp-embedded-content\" sandbox=\"allow-scripts\" security=\"restricted\" style=\"position: absolute; visibility: hidden;\" title=\"&#8222;Zdj\u0119cia ogrodu&#8221; &#8212; ROD im. Ksi\u0119cia J\u00f3zefa w Krakowie\" src=\"https:\/\/rodksieciajozefa.pl\/index.php\/galerie\/embed\/#?secret=eovc7JpfSe#?secret=LaeyjmHFxR\" data-secret=\"LaeyjmHFxR\" width=\"600\" height=\"338\" frameborder=\"0\" marginwidth=\"0\" marginheight=\"0\" scrolling=\"no\"><\/iframe>\n<\/div><\/figure>\n\n\n\n<h2 class=\"wp-block-heading\">2025<\/h2>\n\n\n\n<figure class=\"wp-block-embed is-type-wp-embed is-provider-rod-im-ksi-cia-j-zefa-w-krakowie wp-block-embed-rod-im-ksi-cia-j-zefa-w-krakowie\"><div class=\"wp-block-embed__wrapper\">\n<blockquote class=\"wp-embedded-content\" data-secret=\"cqfQ9kKQqn\"><a href=\"https:\/\/rodksieciajozefa.pl\/index.php\/2025\/09\/22\/dzien-dzialkowca-2025-09-20\/\">Dzie\u0144 dzia\u0142kowca 2025-09-20 &#8211; relacja<\/a><\/blockquote><iframe loading=\"lazy\" class=\"wp-embedded-content\" sandbox=\"allow-scripts\" security=\"restricted\" style=\"position: absolute; visibility: hidden;\" title=\"&#8222;Dzie\u0144 dzia\u0142kowca 2025-09-20 &#8211; relacja&#8221; &#8212; ROD im. Ksi\u0119cia J\u00f3zefa w Krakowie\" src=\"https:\/\/rodksieciajozefa.pl\/index.php\/2025\/09\/22\/dzien-dzialkowca-2025-09-20\/embed\/#?secret=INOMtOHOFY#?secret=cqfQ9kKQqn\" data-secret=\"cqfQ9kKQqn\" width=\"600\" height=\"338\" frameborder=\"0\" marginwidth=\"0\" marginheight=\"0\" scrolling=\"no\"><\/iframe>\n<\/div><\/figure>\n\n\n\n<h2 class=\"wp-block-heading\">2024<\/h2>\n\n\n\n<figure class=\"wp-block-embed is-type-wp-embed is-provider-rod-im-ksi-cia-j-zefa-w-krakowie wp-block-embed-rod-im-ksi-cia-j-zefa-w-krakowie\"><div class=\"wp-block-embed__wrapper\">\n<blockquote class=\"wp-embedded-content\" data-secret=\"qsWDlGLMzD\"><a href=\"https:\/\/rodksieciajozefa.pl\/index.php\/2024\/10\/07\/sprzatanie-rod-2024-10-05\/\">Sprz\u0105tanie ROD 2024-10-05<\/a><\/blockquote><iframe loading=\"lazy\" class=\"wp-embedded-content\" sandbox=\"allow-scripts\" security=\"restricted\" style=\"position: absolute; visibility: hidden;\" title=\"&#8222;Sprz\u0105tanie ROD 2024-10-05&#8221; &#8212; ROD im. Ksi\u0119cia J\u00f3zefa w Krakowie\" src=\"https:\/\/rodksieciajozefa.pl\/index.php\/2024\/10\/07\/sprzatanie-rod-2024-10-05\/embed\/#?secret=OCBwYeEIMg#?secret=qsWDlGLMzD\" data-secret=\"qsWDlGLMzD\" width=\"600\" height=\"338\" frameborder=\"0\" marginwidth=\"0\" marginheight=\"0\" scrolling=\"no\"><\/iframe>\n<\/div><\/figure>\n\n\n\n<figure class=\"wp-block-embed is-type-wp-embed is-provider-rod-im-ksi-cia-j-zefa-w-krakowie wp-block-embed-rod-im-ksi-cia-j-zefa-w-krakowie\"><div class=\"wp-block-embed__wrapper\">\n<blockquote class=\"wp-embedded-content\" data-secret=\"GFsLkVrGnO\"><a href=\"https:\/\/rodksieciajozefa.pl\/index.php\/2024\/10\/02\/dzien-dzialkowca-2024-2\/\">DZIE\u0143 DZIA\u0141KOWCA 2024<\/a><\/blockquote><iframe loading=\"lazy\" class=\"wp-embedded-content\" sandbox=\"allow-scripts\" security=\"restricted\" style=\"position: absolute; visibility: hidden;\" title=\"&#8222;DZIE\u0143 DZIA\u0141KOWCA 2024&#8221; &#8212; ROD im. Ksi\u0119cia J\u00f3zefa w Krakowie\" src=\"https:\/\/rodksieciajozefa.pl\/index.php\/2024\/10\/02\/dzien-dzialkowca-2024-2\/embed\/#?secret=taQ8DRhi5N#?secret=GFsLkVrGnO\" data-secret=\"GFsLkVrGnO\" width=\"600\" height=\"338\" frameborder=\"0\" marginwidth=\"0\" marginheight=\"0\" scrolling=\"no\"><\/iframe>\n<\/div><\/figure>\n\n\n\n<h2 class=\"wp-block-heading\">2023<\/h2>\n\n\n\n<figure class=\"wp-block-embed is-type-wp-embed is-provider-rod-im-ksi-cia-j-zefa-w-krakowie wp-block-embed-rod-im-ksi-cia-j-zefa-w-krakowie\"><div class=\"wp-block-embed__wrapper\">\n<blockquote class=\"wp-embedded-content\" data-secret=\"uEo16v32q0\"><a href=\"https:\/\/rodksieciajozefa.pl\/index.php\/2023\/10\/22\/sprzatanie-rod-2023\/\">Sprz\u0105tanie ROD 2023<\/a><\/blockquote><iframe loading=\"lazy\" class=\"wp-embedded-content\" sandbox=\"allow-scripts\" security=\"restricted\" style=\"position: absolute; visibility: hidden;\" title=\"&#8222;Sprz\u0105tanie ROD 2023&#8221; &#8212; ROD im. Ksi\u0119cia J\u00f3zefa w Krakowie\" src=\"https:\/\/rodksieciajozefa.pl\/index.php\/2023\/10\/22\/sprzatanie-rod-2023\/embed\/#?secret=8SfAteUPNl#?secret=uEo16v32q0\" data-secret=\"uEo16v32q0\" width=\"600\" height=\"338\" frameborder=\"0\" marginwidth=\"0\" marginheight=\"0\" scrolling=\"no\"><\/iframe>\n<\/div><\/figure>\n\n\n\n<figure class=\"wp-block-embed is-type-wp-embed is-provider-rod-im-ksi-cia-j-zefa-w-krakowie wp-block-embed-rod-im-ksi-cia-j-zefa-w-krakowie\"><div class=\"wp-block-embed__wrapper\">\n<blockquote class=\"wp-embedded-content\" data-secret=\"qa15N0PDif\"><a href=\"https:\/\/rodksieciajozefa.pl\/index.php\/2023\/09\/16\/dzien-dzialkowca-2023\/\">Dzie\u0144 dzia\u0142kowca 2023<\/a><\/blockquote><iframe loading=\"lazy\" class=\"wp-embedded-content\" sandbox=\"allow-scripts\" security=\"restricted\" style=\"position: absolute; visibility: hidden;\" title=\"&#8222;Dzie\u0144 dzia\u0142kowca 2023&#8221; &#8212; ROD im. Ksi\u0119cia J\u00f3zefa w Krakowie\" src=\"https:\/\/rodksieciajozefa.pl\/index.php\/2023\/09\/16\/dzien-dzialkowca-2023\/embed\/#?secret=Re0z7Ju7qN#?secret=qa15N0PDif\" data-secret=\"qa15N0PDif\" width=\"600\" height=\"338\" frameborder=\"0\" marginwidth=\"0\" marginheight=\"0\" scrolling=\"no\"><\/iframe>\n<\/div><\/figure>\n\n\n\n<h2 class=\"wp-block-heading\">2022<\/h2>\n\n\n\n<figure class=\"wp-block-embed is-type-wp-embed is-provider-rod-im-ksi-cia-j-zefa-w-krakowie wp-block-embed-rod-im-ksi-cia-j-zefa-w-krakowie\"><div class=\"wp-block-embed__wrapper\">\n<blockquote class=\"wp-embedded-content\" data-secret=\"Kbve2aqOp2\"><a href=\"https:\/\/rodksieciajozefa.pl\/index.php\/2022\/09\/25\/dzien-dzialkowca-2022\/\">Dzie\u0144 dzia\u0142kowca 2022<\/a><\/blockquote><iframe loading=\"lazy\" class=\"wp-embedded-content\" sandbox=\"allow-scripts\" security=\"restricted\" style=\"position: absolute; visibility: hidden;\" title=\"&#8222;Dzie\u0144 dzia\u0142kowca 2022&#8221; &#8212; ROD im. Ksi\u0119cia J\u00f3zefa w Krakowie\" src=\"https:\/\/rodksieciajozefa.pl\/index.php\/2022\/09\/25\/dzien-dzialkowca-2022\/embed\/#?secret=vkndpVKSlq#?secret=Kbve2aqOp2\" data-secret=\"Kbve2aqOp2\" width=\"600\" height=\"338\" frameborder=\"0\" marginwidth=\"0\" marginheight=\"0\" scrolling=\"no\"><\/iframe>\n<\/div><\/figure>\n\n\n\n<h2 class=\"wp-block-heading\">2021<\/h2>\n\n\n\n<figure class=\"wp-block-embed is-type-wp-embed is-provider-rod-im-ksi-cia-j-zefa-w-krakowie wp-block-embed-rod-im-ksi-cia-j-zefa-w-krakowie\"><div class=\"wp-block-embed__wrapper\">\n<blockquote class=\"wp-embedded-content\" data-secret=\"XonBGQKWmz\"><a href=\"https:\/\/rodksieciajozefa.pl\/index.php\/dzien-dzialkowca-2021-10-02\/\">Dzie\u0144 dzia\u0142kowca 2021-10-02<\/a><\/blockquote><iframe loading=\"lazy\" class=\"wp-embedded-content\" sandbox=\"allow-scripts\" security=\"restricted\" style=\"position: absolute; visibility: hidden;\" title=\"&#8222;Dzie\u0144 dzia\u0142kowca 2021-10-02&#8221; &#8212; ROD im. Ksi\u0119cia J\u00f3zefa w Krakowie\" src=\"https:\/\/rodksieciajozefa.pl\/index.php\/dzien-dzialkowca-2021-10-02\/embed\/#?secret=iYrN80lNJa#?secret=XonBGQKWmz\" data-secret=\"XonBGQKWmz\" width=\"600\" height=\"338\" frameborder=\"0\" marginwidth=\"0\" marginheight=\"0\" scrolling=\"no\"><\/iframe>\n<\/div><\/figure>\n","protected":false},"excerpt":{"rendered":"<p>Ponadczasowe 2025 2024 2023 2022 2021<\/p>\n","protected":false},"author":2,"featured_media":0,"parent":0,"menu_order":0,"comment_status":"closed","ping_status":"closed","template":"","meta":{"om_disable_all_campaigns":false,"ngg_post_thumbnail":0,"footnotes":""},"class_list":["post-237","page","type-page","status-publish","hentry"],"aioseo_notices":[],"_links":{"self":[{"href":"https:\/\/rodksieciajozefa.pl\/index.php\/wp-json\/wp\/v2\/pages\/237","targetHints":{"allow":["GET"]}}],"collection":[{"href":"https:\/\/rodksieciajozefa.pl\/index.php\/wp-json\/wp\/v2\/pages"}],"about":[{"href":"https:\/\/rodksieciajozefa.pl\/index.php\/wp-json\/wp\/v2\/types\/page"}],"author":[{"embeddable":true,"href":"https:\/\/rodksieciajozefa.pl\/index.php\/wp-json\/wp\/v2\/users\/2"}],"replies":[{"embeddable":true,"href":"https:\/\/rodksieciajozefa.pl\/index.php\/wp-json\/wp\/v2\/comments?post=237"}],"version-history":[{"count":10,"href":"https:\/\/rodksieciajozefa.pl\/index.php\/wp-json\/wp\/v2\/pages\/237\/revisions"}],"predecessor-version":[{"id":1048,"href":"https:\/\/rodksieciajozefa.pl\/index.php\/wp-json\/wp\/v2\/pages\/237\/revisions\/1048"}],"wp:attachment":[{"href":"https:\/\/rodksieciajozefa.pl\/index.php\/wp-json\/wp\/v2\/media?parent=237"}],"curies":[{"name":"wp","href":"https:\/\/api.w.org\/{rel}","templated":true}]}}