{"id":498,"date":"2023-01-18T15:26:43","date_gmt":"2023-01-18T15:26:43","guid":{"rendered":"https:\/\/rodksieciajozefa.pl\/?page_id=498"},"modified":"2025-04-22T10:07:44","modified_gmt":"2025-04-22T10:07:44","slug":"prawo-regulaminy-i-obowiazki-dzialkowiczow","status":"publish","type":"page","link":"https:\/\/rodksieciajozefa.pl\/index.php\/prawo-regulaminy-i-obowiazki-dzialkowiczow\/","title":{"rendered":"PRAWO"},"content":{"rendered":"\n<p>Celem strony jest udost\u0119pnienie dzia\u0142kowiczom informacji o prawach \/ regulaminach i obowi\u0105zkach dzia\u0142kowicz\u00f3w. <\/p>\n\n\n\n<figure class=\"wp-block-table\"><table><tbody><tr><td><strong>Temat<\/strong><\/td><td><strong>Adres<\/strong><\/td><\/tr><tr><td>Regulamin ROD<\/td><td><a href=\"http:\/\/pzd.pl\/regulamin.html\" target=\"_blank\" rel=\"noopener\" title=\"\">http:\/\/pzd.pl\/regulamin.html<\/a><\/td><\/tr><tr><td>Statut ROD<\/td><td><a href=\"https:\/\/pzd.pl\/statut.html\">https:\/\/pzd.pl\/statut.html<\/a><\/td><\/tr><tr><td>Wzory dokument\u00f3w<\/td><td><a href=\"http:\/\/pzd.pl\/wzory-dokumentow.html\" target=\"_blank\" rel=\"noopener\" title=\"\">http:\/\/pzd.pl\/wzory-dokumentow.html<\/a><\/td><\/tr><tr><td>Informacje porz\u0105dkowe<\/td><td><a href=\"https:\/\/rodksieciajozefa.pl\/index.php\/2024\/04\/25\/przepisy-porzadkowe-rod\/\" target=\"_blank\" rel=\"noopener\" title=\"\">Przepisy porz\u0105dkowe<\/a><\/td><\/tr><tr><td>Informacje dot. wycinki drzew<\/td><td><a href=\"https:\/\/rodksieciajozefa.pl\/index.php\/2024\/04\/25\/wycinka-przesadzanie-drzew\/\" target=\"_blank\" rel=\"noopener\" title=\"\">Wycinka drzew<\/a><\/td><\/tr><\/tbody><\/table><\/figure>\n","protected":false},"excerpt":{"rendered":"<p>Celem strony jest udost\u0119pnienie dzia\u0142kowiczom informacji o prawach \/ regulaminach i obowi\u0105zkach dzia\u0142kowicz\u00f3w. Temat Adres Regulamin ROD http:\/\/pzd.pl\/regulamin.html Statut ROD [&hellip;]<\/p>\n","protected":false},"author":2,"featured_media":0,"parent":0,"menu_order":0,"comment_status":"closed","ping_status":"closed","template":"","meta":{"om_disable_all_campaigns":false,"ngg_post_thumbnail":0,"footnotes":""},"class_list":["post-498","page","type-page","status-publish","hentry"],"aioseo_notices":[],"_links":{"self":[{"href":"https:\/\/rodksieciajozefa.pl\/index.php\/wp-json\/wp\/v2\/pages\/498","targetHints":{"allow":["GET"]}}],"collection":[{"href":"https:\/\/rodksieciajozefa.pl\/index.php\/wp-json\/wp\/v2\/pages"}],"about":[{"href":"https:\/\/rodksieciajozefa.pl\/index.php\/wp-json\/wp\/v2\/types\/page"}],"author":[{"embeddable":true,"href":"https:\/\/rodksieciajozefa.pl\/index.php\/wp-json\/wp\/v2\/users\/2"}],"replies":[{"embeddable":true,"href":"https:\/\/rodksieciajozefa.pl\/index.php\/wp-json\/wp\/v2\/comments?post=498"}],"version-history":[{"count":8,"href":"https:\/\/rodksieciajozefa.pl\/index.php\/wp-json\/wp\/v2\/pages\/498\/revisions"}],"predecessor-version":[{"id":988,"href":"https:\/\/rodksieciajozefa.pl\/index.php\/wp-json\/wp\/v2\/pages\/498\/revisions\/988"}],"wp:attachment":[{"href":"https:\/\/rodksieciajozefa.pl\/index.php\/wp-json\/wp\/v2\/media?parent=498"}],"curies":[{"name":"wp","href":"https:\/\/api.w.org\/{rel}","templated":true}]}}