{"id":50,"date":"2022-08-31T21:18:56","date_gmt":"2022-08-31T21:18:56","guid":{"rendered":"http:\/\/dpumybg.cluster030.hosting.ovh.net\/?page_id=50"},"modified":"2024-03-11T16:50:43","modified_gmt":"2024-03-11T16:50:43","slug":"o-nas","status":"publish","type":"page","link":"https:\/\/rodksieciajozefa.pl\/index.php\/o-nas\/","title":{"rendered":"O NAS"},"content":{"rendered":"\n<h4 class=\"wp-block-heading\">KONTAKT<\/h4>\n\n\n\n<ul class=\"wp-block-list\">\n<li><a href=\"mailto:kontakt@rodksieciajozefa.pl\">kontakt@rodksieciajozefa.pl<\/a> &#8211; email do kontaktu w sprawie strony internetowejj<\/li>\n\n\n\n<li><a href=\"mailto:zarzad@rodksieciajozefa.pl\">zarzad@rodksieciajozefa.pl<\/a>   &#8211; email do kontaktu z zarz\u0105dem ROD im. Ksi\u0119cia J\u00f3zefa<\/li>\n<\/ul>\n\n\n\n<h4 class=\"wp-block-heading\">DANE<\/h4>\n\n\n\n<div class=\"wp-block-group is-vertical is-layout-flex wp-container-core-group-is-layout-8cf370e7 wp-block-group-is-layout-flex\">\n<p class=\"has-medium-font-size\">ROD im. Ksi\u0119cia J\u00f3zefa<br>ul. Do Przystani <br>30-255 Krak\u00f3w<br>NIP: 6772123444<\/p>\n<\/div>\n\n\n\n<h4 class=\"wp-block-heading\">LOKALIZACJA<\/h4>\n\n\n\t\t<div\n            id=\"wpmapblock_a01b2c29\"\n            data-settings='{&quot;map_marker&quot;:[{&quot;lat&quot;:&quot;50.045002100000005&quot;,&quot;lng&quot;:&quot;19.88813528230326&quot;,&quot;title&quot;:&quot;ROD im. Ksi\\u0119cia J\\u00f3zefa w Krakowie&quot;,&quot;content&quot;:&quot;Przepi\\u0119kny rodzinny ogr\\u00f3d dzia\\u0142kowy w Krakowie.&quot;,&quot;iconType&quot;:&quot;default&quot;,&quot;customIconUrl&quot;:&quot;&quot;,&quot;customIconWidth&quot;:&quot;25&quot;,&quot;customIconHeight&quot;:&quot;40&quot;}],&quot;map_zoom&quot;:&quot;13&quot;,&quot;scroll_wheel_zoom&quot;:false,&quot;map_type&quot;:&quot;GM&quot;,&quot;center_index&quot;:0}'\n            class=\"wpmapblockrender\"\n            style=\"\n\t\t\twidth: 100%;\n\t\t\theight: 500px;\n\t\t\"\n            >\n        <\/div>\n        \n\n\n<p><\/p>\n\n\n\n<h4 class=\"wp-block-heading\">Mapa ogrodu<\/h4>\n\n\n\n<div class=\"wp-block-group\"><div class=\"wp-block-group__inner-container is-layout-flow wp-block-group-is-layout-flow\">\n<div class=\"wp-block-columns is-layout-flex wp-container-core-columns-is-layout-9d6595d7 wp-block-columns-is-layout-flex\">\n<div class=\"wp-block-column is-layout-flow wp-block-column-is-layout-flow\" style=\"flex-basis:100%\">\n<div class=\"wp-block-group\"><div class=\"wp-block-group__inner-container is-layout-flow wp-block-group-is-layout-flow\">\nngg_shortcode_0_placeholder\n<\/div><\/div>\n<\/div>\n<\/div>\n<\/div><\/div>\n\n\n\n<p><\/p>\n","protected":false},"excerpt":{"rendered":"<p>KONTAKT DANE ROD im. Ksi\u0119cia J\u00f3zefaul. Do Przystani 30-255 Krak\u00f3wNIP: 6772123444 LOKALIZACJA Mapa ogrodu<\/p>\n","protected":false},"author":1,"featured_media":0,"parent":0,"menu_order":0,"comment_status":"closed","ping_status":"closed","template":"","meta":{"om_disable_all_campaigns":false,"ngg_post_thumbnail":0,"footnotes":""},"class_list":["post-50","page","type-page","status-publish","hentry"],"aioseo_notices":[],"_links":{"self":[{"href":"https:\/\/rodksieciajozefa.pl\/index.php\/wp-json\/wp\/v2\/pages\/50","targetHints":{"allow":["GET"]}}],"collection":[{"href":"https:\/\/rodksieciajozefa.pl\/index.php\/wp-json\/wp\/v2\/pages"}],"about":[{"href":"https:\/\/rodksieciajozefa.pl\/index.php\/wp-json\/wp\/v2\/types\/page"}],"author":[{"embeddable":true,"href":"https:\/\/rodksieciajozefa.pl\/index.php\/wp-json\/wp\/v2\/users\/1"}],"replies":[{"embeddable":true,"href":"https:\/\/rodksieciajozefa.pl\/index.php\/wp-json\/wp\/v2\/comments?post=50"}],"version-history":[{"count":26,"href":"https:\/\/rodksieciajozefa.pl\/index.php\/wp-json\/wp\/v2\/pages\/50\/revisions"}],"predecessor-version":[{"id":748,"href":"https:\/\/rodksieciajozefa.pl\/index.php\/wp-json\/wp\/v2\/pages\/50\/revisions\/748"}],"wp:attachment":[{"href":"https:\/\/rodksieciajozefa.pl\/index.php\/wp-json\/wp\/v2\/media?parent=50"}],"curies":[{"name":"wp","href":"https:\/\/api.w.org\/{rel}","templated":true}]}}